{"id":13687,"date":"2021-06-07T10:06:57","date_gmt":"2021-06-07T10:06:57","guid":{"rendered":"https:\/\/setterwalls.se\/about-us-2\/"},"modified":"2026-03-12T14:17:39","modified_gmt":"2026-03-12T13:17:39","slug":"about-us","status":"publish","type":"page","link":"https:\/\/setterwalls.se\/en\/about-us\/","title":{"rendered":"About us"},"content":{"rendered":"<section class=\"block small-hero \" style=\"background-image: url(https:\/\/setterwalls.se\/wp-content\/uploads\/2024\/04\/Setterwalls1611-168_low-e1714638181901.jpg);\">\n    <div class=\"container-fluid container-fluid-sm\">\n        <div class=\"row\">\n            <div class=\"col-12\">\n                <div class=\"block__inner\">\n                                            <div class=\"preamble\">\n                            <span>\n                                About us                            <\/span>\n                        <\/div>\n                                                                <div class=\"editor-content\">\n                            <h2>A world-class partnership for business visionaries.<\/h2>\n                        <\/div>\n                                    <\/div>\n            <\/div>\n        <\/div>\n    <\/div>\n<\/section>\n     \n    <nav class=\"block block--transparent breadcrumbs\"><div class=\"block__inner breadcrumbs__inner\"><div class=\"container-fluid container-fluid-sm\"><div class=\"row\"><div class=\"col-12\"><a href=\"https:\/\/setterwalls.se\/en\/\">Home<\/a><em>\/<\/em><span class=\"current\">About us<\/span><\/div><\/div><\/div><\/div><\/nav>    \n\n\n    <section class=\"block text \">\n        <div class=\"container container-sm\">\n            <div class=\"row\">\n                <div class=\"col-12\">\n                    <div class=\"editor-content\">\n                                                <h2>By your side when critical decisions are made<\/h2>\n<p>Every business has its own dynamics. In the increasingly complex world of business, there is no such thing as a routine assignment. As one of Sweden\u2019s leading full-service firms, Setterwalls provides world-class advice across all areas of business law. You have access to the premier legal competence and a personal commitment to your business.<\/p>\n<p>&nbsp;<\/p>\n<p>&nbsp;<\/p>\n                    <\/div>\n                <\/div>\n            <\/div>\n        <\/div>\n    <\/section>\n\n\n    <section class=\"block numbers full-width bg-gray\">\n        <div class=\"container\">\n            <div class=\"row\">\n                                    <div class=\"col-md-4\">\n                        <div class=\"numbers__inner editor-content\">\n                                                            <div class=\"preamble\">\n                                    number of employees                                <\/div>\n                                                                                        <div class=\"numbers__number\">\n                                    <span>320<\/span>\n                                <\/div>\n                                                    <\/div>\n                    <\/div>\n                                    <div class=\"col-md-4\">\n                        <div class=\"numbers__inner editor-content\">\n                                                            <div class=\"preamble\">\n                                    established                                <\/div>\n                                                                                        <div class=\"numbers__number\">\n                                    <span>1878<\/span>\n                                <\/div>\n                                                    <\/div>\n                    <\/div>\n                                    <div class=\"col-md-4\">\n                        <div class=\"numbers__inner editor-content\">\n                                                            <div class=\"preamble\">\n                                    turnover (MKR)                                <\/div>\n                                                                                        <div class=\"numbers__number\">\n                                    <span>1.001<\/span>\n                                <\/div>\n                                                    <\/div>\n                    <\/div>\n                            <\/div>\n        <\/div>\n    <\/section>\n\n\n    <section class=\"block two-column full-width bg-white\">\n        <div class=\"container-fluid container-normal\">\n            <div class=\"row row-normal \">\n                                <div class=\"col-lg-6 tc-img\" style=\"background-image: url(https:\/\/setterwalls.se\/wp-content\/uploads\/2024\/05\/Setterwalls-Goteborg-Elina-Elvira-Awin-1024x683.jpg);\"><\/div>\n                                <div class=\"col-lg-6 tc-text\">\n                    <div class=\"editor-content\">\n                        <h2>A partner with 100% commitment and sensitivity<\/h2>\n<p>There are many law firms that can give you the support you need. But do not settle for that. As your advisor at Setterwalls, you will get a professional, knowledgeable, and responsive partner with extensive experience, the right network and competent employees. But above all, you get a partner with a personal commitment. The will to always do our best for your good is as strong as the will to create a relationship that goes beyond the negotiating table.<\/p>\n                                            <\/div>\n                <\/div>\n            <\/div>\n        <\/div>\n    <\/section>\n\n\n    <section class=\"block two-column full-width bg-blue\">\n        <div class=\"container-fluid container-normal\">\n            <div class=\"row row-reverse \">\n                                <div class=\"col-lg-6 tc-img\" style=\"background-image: url(https:\/\/setterwalls.se\/wp-content\/uploads\/2024\/05\/Setterwalls-Goteborg-telefon-parm-person-1024x683.jpg);\"><\/div>\n                                <div class=\"col-lg-6 tc-text\">\n                    <div class=\"editor-content\">\n                        <h2><span style=\"color: #ab9578;\">The best team with a focus on solution and delivery<\/span><\/h2>\n<p>When we say best, we do not just mean top competency in a certain area or solid experience in a specific industry. As important as competence and experience is the team and its personality. We have a strong entrepreneurial spirit with a strong drive and a great deal of energy. Our teams are solution-oriented, fast-paced and focused on quality in every delivery. Our well-composed teams are your guarantee that the assignment is carried out in a business-like, efficient and flexible manner.<\/p>\n                                            <\/div>\n                <\/div>\n            <\/div>\n        <\/div>\n    <\/section>\n\n\n    <section class=\"block two-column full-width bg-white\">\n        <div class=\"container-fluid container-normal\">\n            <div class=\"row row-normal \">\n                                <div class=\"col-lg-6 tc-img\" style=\"background-image: url(https:\/\/setterwalls.se\/wp-content\/uploads\/2024\/05\/Setterwalls-Goteborg-korridor-1024x683.jpg);\"><\/div>\n                                <div class=\"col-lg-6 tc-text\">\n                    <div class=\"editor-content\">\n                        <h2>We do not just make it happen. We are also close to where it happens.<\/h2>\n<p>As our client you can feel confident that we are close to you, both geographically and personally. That is why we have full-service offices in Stockholm, Gothenburg and Malm\u00f6. Our employees are also in daily contact with a large network consisting of leading lawyers and law firms around the world.<\/p>\n                                                    <div class=\"button-wrapper\">\n                                <a href=\"https:\/\/setterwalls.se\/en\/contact\/\" target=\"_blank\" class=\"btn primary\">\n                                    Our offices                                <\/a>\n                            <\/div>\n                                            <\/div>\n                <\/div>\n            <\/div>\n        <\/div>\n    <\/section>\n\n\n    <section class=\"block two-column full-width bg-blue\">\n        <div class=\"container-fluid container-normal\">\n            <div class=\"row row-reverse \">\n                                <div class=\"col-lg-6 tc-img\" style=\"background-image: url(https:\/\/setterwalls.se\/wp-content\/uploads\/2021\/05\/content_erbjudande_3.jpeg);\"><\/div>\n                                <div class=\"col-lg-6 tc-text\">\n                    <div class=\"editor-content\">\n                        <h2><span style=\"color: #ab9578;\">Three centuries of good advice<\/span><\/h2>\n<div class=\"section-text\">\n<div class=\"section-text\">\n<p>Setterwalls is the oldest law firm in Sweden. Our history dates back to 1878, when lawyers Nils Setterwall and Oscar von Koch bought &#8220;Advokatf\u00f6reningen, Juridisk Aff\u00e4rsbyr\u00e5&#8221; in Stockholm. Nils Setterwall was also one of the founders of the Swedish Bar Association in 1887.<\/p>\n<\/div>\n<\/div>\n                                                    <div class=\"button-wrapper\">\n                                <a href=\"https:\/\/setterwalls.se\/en\/about-us\/history\/\" target=\"\" class=\"btn primary\">\n                                    Read more about our history                                <\/a>\n                            <\/div>\n                                            <\/div>\n                <\/div>\n            <\/div>\n        <\/div>\n    <\/section>\n\n\n\n    <section class=\"block large-cta full-width\" style=\"background-image: url(https:\/\/setterwalls.se\/wp-content\/uploads\/2024\/05\/Setterwalls-Trappa-aboutus-1024x398.jpg);\">\n        <div class=\"container container-fluid-sm\">\n            <div class=\"row\">\n                <div class=\"col-12\">\n                    <div class=\"editor-content text text-dark\">\n                                                    <div class=\"preamble\">\n                                <span>\n                                    AREAS OF EXPERTISE                                <\/span>\n                            <\/div>\n                                                                            <h2>A reflection of the business community.<\/h2>\n                                                                            <div class=\"button-wrapper\">\n                                <a href=\"https:\/\/setterwalls.se\/en\/expertise\/\" target=\"\" class=\"btn secondary\">\n                                    Our areas of expertise                                <\/a>\n                            <\/div>\n                                            <\/div>\n                <\/div>\n            <\/div>\n        <\/div>\n    <\/section>\n\n\n","protected":false},"excerpt":{"rendered":"","protected":false},"author":1,"featured_media":0,"parent":0,"menu_order":0,"comment_status":"closed","ping_status":"closed","template":"","meta":{"_acf_changed":false,"_seopress_robots_primary_cat":"","_seopress_titles_title":"","_seopress_titles_desc":"","_seopress_robots_index":"","footnotes":""},"class_list":["post-13687","page","type-page","status-publish","hentry"],"acf":[],"_links":{"self":[{"href":"https:\/\/setterwalls.se\/en\/wp-json\/wp\/v2\/pages\/13687","targetHints":{"allow":["GET"]}}],"collection":[{"href":"https:\/\/setterwalls.se\/en\/wp-json\/wp\/v2\/pages"}],"about":[{"href":"https:\/\/setterwalls.se\/en\/wp-json\/wp\/v2\/types\/page"}],"author":[{"embeddable":true,"href":"https:\/\/setterwalls.se\/en\/wp-json\/wp\/v2\/users\/1"}],"replies":[{"embeddable":true,"href":"https:\/\/setterwalls.se\/en\/wp-json\/wp\/v2\/comments?post=13687"}],"version-history":[{"count":83,"href":"https:\/\/setterwalls.se\/en\/wp-json\/wp\/v2\/pages\/13687\/revisions"}],"predecessor-version":[{"id":57931,"href":"https:\/\/setterwalls.se\/en\/wp-json\/wp\/v2\/pages\/13687\/revisions\/57931"}],"wp:attachment":[{"href":"https:\/\/setterwalls.se\/en\/wp-json\/wp\/v2\/media?parent=13687"}],"curies":[{"name":"wp","href":"https:\/\/api.w.org\/{rel}","templated":true}]}}